{"id":10567,"date":"2022-02-02T20:13:53","date_gmt":"2022-02-02T20:13:53","guid":{"rendered":"https:\/\/olivauto.pt\/?page_id=10567"},"modified":"2023-03-18T18:39:31","modified_gmt":"2023-03-18T18:39:31","slug":"termos","status":"publish","type":"page","link":"https:\/\/olivauto.pt\/pt-pt\/termos\/","title":{"rendered":"Termos"},"content":{"rendered":"\n<h1 class=\"wp-block-heading\" id=\"condicoes-gerais-de-aluguer-de-veiculos\"><strong>CONDI\u00c7\u00d5ES GERAIS DE ALUGUER DE VE\u00cdCULOS<\/strong><\/h1>\n\n\n\n<p><strong>Aluguer m\u00ednimo -&nbsp;<\/strong>1 Dia (24 horas)<\/p>\n\n\n\n<p><strong>Idade do Condutor -&nbsp;<\/strong>M\u00ednima de 21 anos.<\/p>\n\n\n\n<p><strong>Carta de Condu\u00e7\u00e3o -&nbsp;<\/strong>V\u00e1lida em Portugal com m\u00ednimo de um ano de experi\u00eancia.<\/p>\n\n\n\n<p><strong>Os pre\u00e7os incluem:<\/strong><\/p>\n\n\n\n<ul class=\"wp-block-list\">\n<li>Assist\u00eancia em viagem 24H<\/li>\n\n\n\n<li>Quil\u00f3metros ilimitados<\/li>\n\n\n\n<li>IVA<\/li>\n\n\n\n<li>Seguro de responsabilidade civil, inc\u00eandio e roubo da viatura (excepto bagagens), ficando o cliente respons\u00e1vel por uma franquia segundo a tabela abaixo (excluindo mau uso da viatura). Est\u00e1 tamb\u00e9m dispon\u00edvel um seguro de acidentes pessoais (PAI)<\/li>\n<\/ul>\n\n\n\n<figure class=\"wp-block-table\"><table><tbody><tr><td><strong>Grupos<\/strong><\/td><td><strong>Franquia<\/strong><\/td><td><strong>Super C.D.W. Isent. Franquia<\/strong><\/td><td><strong>PAI<\/strong><\/td><\/tr><tr><td>A<\/td><td>1.600,00\u20ac<\/td><td>8,00\u20ac\/Dia<\/td><td>3,00\u20ac\/Dia<\/td><\/tr><tr><td>B<\/td><td>2.000,00\u20ac<\/td><td>9,00\u20ac\/Dia<\/td><td>3,00\u20ac\/Dia<\/td><\/tr><tr><td>C<\/td><td>2.500,00\u20ac<\/td><td>10,00\u20ac\/Dia<\/td><td>3,00\u20ac\/Dia<\/td><\/tr><tr><td>D<\/td><td>2.500,00\u20ac<\/td><td>10,00\u20ac\/Dia<\/td><td>3,00\u20ac\/Dia<\/td><\/tr><tr><td>E<\/td><td>3.250,00\u20ac<\/td><td>14,00\u20ac\/Dia<\/td><td>3,00\u20ac\/Dia<\/td><\/tr><tr><td>F\/G<\/td><td>3.000,00\u20ac<\/td><td>12,00\u20ac\/Dia<\/td><td>3,00\u20ac\/Dia<\/td><\/tr><tr><td>H<\/td><td>3.500,00\u20ac<\/td><td>14,00\u20ac\/Dia<\/td><td>3,00\u20ac\/Dia<\/td><\/tr><tr><td>I<\/td><td>4.000,00\u20ac<\/td><td>17,50\u20ac\/Dia<\/td><td>4,00\u20ac\/Dia<\/td><\/tr><tr><td>J<\/td><td>6.000,00\u20ac<\/td><td>25,00\u20ac\/Dia<\/td><td>4,00\u20ac\/Dia<\/td><\/tr><tr><td>K<\/td><td>4.000,00\u20ac<\/td><td>17,50\u20ac\/Dia<\/td><td>4,00\u20ac\/Dia<\/td><\/tr><tr><td>L<\/td><td>6.500,00\u20ac<\/td><td>25,00\u20ac\/Dia<\/td><td>4,00\u20ac\/Dia<\/td><\/tr><tr><td>M<\/td><td>4.250,00\u20ac<\/td><td>20,00\u20ac\/Dia<\/td><td>4,00\u20ac\/Dia<\/td><\/tr><tr><td>N<\/td><td>5.500,00\u20ac<\/td><td>25,00\u20ac\/Dia<\/td><td>3,00\u20ac\/Dia<\/td><\/tr><tr><td>O<\/td><td>4.500,00\u20ac<\/td><td>20,00\u20ac\/Dia<\/td><td>3,00\u20ac\/Dia<\/td><\/tr><\/tbody><\/table><\/figure>\n\n\n\n<p><strong>Os pre\u00e7os n\u00e3o incluem<\/strong><\/p>\n\n\n\n<ul class=\"wp-block-list\">\n<li>Recolhas em garagens<\/li>\n\n\n\n<li>Lavagens<\/li>\n\n\n\n<li>Combust\u00edvel<\/li>\n\n\n\n<li>Multas<\/li>\n<\/ul>\n\n\n\n<h2 class=\"wp-block-heading\" id=\"recomendacoes-importantes\"><strong>Recomenda\u00e7\u00f5es importantes<\/strong><\/h2>\n\n\n\n<p>O aluguer termina no dia fixado pelo cliente ao iniciar o mesmo. Se desejar prolongar o per\u00edodo de aluguer deve avisar previamente e proceder ao pagamento da respectiva extens\u00e3o. Se assim n\u00e3o proceder, consideramos o carro como desaparecido e procederemos \u00e0 devida comunica\u00e7\u00e3o \u00e0s autoridades.<\/p>\n\n\n\n<h2 class=\"wp-block-heading\" id=\"territorialidade\"><strong>Territorialidade<\/strong><\/h2>\n\n\n\n<p>O aluguer \u00e9 valido em Portugal Continental, caso o cliente queira deslocar-se a outros pa\u00edses dever\u00e1 solicitar autoriza\u00e7\u00e3o \u00e0 Olivauto.<\/p>\n\n\n\n<p><strong>As tarifas est\u00e3o sujeitas a altera\u00e7\u00e3o sem aviso pr\u00e9vio<\/strong><\/p>\n","protected":false},"excerpt":{"rendered":"<p>CONDI\u00c7\u00d5ES GERAIS DE ALUGUER DE VE\u00cdCULOS Aluguer m\u00ednimo -&nbsp;1 Dia (24 horas) Idade do Condutor -&nbsp;M\u00ednima de 21 anos. Carta de Condu\u00e7\u00e3o -&nbsp;V\u00e1lida em Portugal com m\u00ednimo de um ano de experi\u00eancia. Os pre\u00e7os incluem: Grupos Franquia Super C.D.W. Isent. Franquia PAI A 1.600,00\u20ac 8,00\u20ac\/Dia 3,00\u20ac\/Dia B 2.000,00\u20ac 9,00\u20ac\/Dia 3,00\u20ac\/Dia C 2.500,00\u20ac 10,00\u20ac\/Dia 3,00\u20ac\/Dia D [&hellip;]<\/p>\n","protected":false},"author":1,"featured_media":0,"parent":0,"menu_order":0,"comment_status":"closed","ping_status":"closed","template":"","meta":{"_uag_custom_page_level_css":"","site-sidebar-layout":"default","site-content-layout":"","ast-site-content-layout":"default","site-content-style":"default","site-sidebar-style":"default","ast-global-header-display":"","ast-banner-title-visibility":"","ast-main-header-display":"","ast-hfb-above-header-display":"","ast-hfb-below-header-display":"","ast-hfb-mobile-header-display":"","site-post-title":"","ast-breadcrumbs-content":"","ast-featured-img":"","footer-sml-layout":"","ast-disable-related-posts":"","theme-transparent-header-meta":"","adv-header-id-meta":"","stick-header-meta":"","header-above-stick-meta":"","header-main-stick-meta":"","header-below-stick-meta":"","astra-migrate-meta-layouts":"default","ast-page-background-enabled":"default","ast-page-background-meta":{"desktop":{"background-color":"","background-image":"","background-repeat":"repeat","background-position":"center center","background-size":"auto","background-attachment":"scroll","background-type":"","background-media":"","overlay-type":"","overlay-color":"","overlay-opacity":"","overlay-gradient":""},"tablet":{"background-color":"","background-image":"","background-repeat":"repeat","background-position":"center center","background-size":"auto","background-attachment":"scroll","background-type":"","background-media":"","overlay-type":"","overlay-color":"","overlay-opacity":"","overlay-gradient":""},"mobile":{"background-color":"","background-image":"","background-repeat":"repeat","background-position":"center center","background-size":"auto","background-attachment":"scroll","background-type":"","background-media":"","overlay-type":"","overlay-color":"","overlay-opacity":"","overlay-gradient":""}},"ast-content-background-meta":{"desktop":{"background-color":"var(--ast-global-color-5)","background-image":"","background-repeat":"repeat","background-position":"center center","background-size":"auto","background-attachment":"scroll","background-type":"","background-media":"","overlay-type":"","overlay-color":"","overlay-opacity":"","overlay-gradient":""},"tablet":{"background-color":"var(--ast-global-color-5)","background-image":"","background-repeat":"repeat","background-position":"center center","background-size":"auto","background-attachment":"scroll","background-type":"","background-media":"","overlay-type":"","overlay-color":"","overlay-opacity":"","overlay-gradient":""},"mobile":{"background-color":"var(--ast-global-color-5)","background-image":"","background-repeat":"repeat","background-position":"center center","background-size":"auto","background-attachment":"scroll","background-type":"","background-media":"","overlay-type":"","overlay-color":"","overlay-opacity":"","overlay-gradient":""}},"footnotes":""},"class_list":["post-10567","page","type-page","status-publish","hentry"],"yoast_head":"<!-- This site is optimized with the Yoast SEO plugin v27.5 - https:\/\/yoast.com\/product\/yoast-seo-wordpress\/ -->\n<title>Termos - Olivauto<\/title>\n<meta name=\"robots\" content=\"index, follow, max-snippet:-1, max-image-preview:large, max-video-preview:-1\" \/>\n<link rel=\"canonical\" href=\"https:\/\/olivauto.pt\/pt-pt\/termos\/\" \/>\n<meta property=\"og:locale\" content=\"pt_PT\" \/>\n<meta property=\"og:type\" content=\"article\" \/>\n<meta property=\"og:title\" content=\"Termos - Olivauto\" \/>\n<meta property=\"og:description\" content=\"CONDI\u00c7\u00d5ES GERAIS DE ALUGUER DE VE\u00cdCULOS Aluguer m\u00ednimo -&nbsp;1 Dia (24 horas) Idade do Condutor -&nbsp;M\u00ednima de 21 anos. Carta de Condu\u00e7\u00e3o -&nbsp;V\u00e1lida em Portugal com m\u00ednimo de um ano de experi\u00eancia. Os pre\u00e7os incluem: Grupos Franquia Super C.D.W. Isent. Franquia PAI A 1.600,00\u20ac 8,00\u20ac\/Dia 3,00\u20ac\/Dia B 2.000,00\u20ac 9,00\u20ac\/Dia 3,00\u20ac\/Dia C 2.500,00\u20ac 10,00\u20ac\/Dia 3,00\u20ac\/Dia D [&hellip;]\" \/>\n<meta property=\"og:url\" content=\"https:\/\/olivauto.pt\/pt-pt\/termos\/\" \/>\n<meta property=\"og:site_name\" content=\"Olivauto\" \/>\n<meta property=\"article:publisher\" content=\"https:\/\/www.facebook.com\/olivauto.rent.a.car\/\" \/>\n<meta property=\"article:modified_time\" content=\"2023-03-18T18:39:31+00:00\" \/>\n<meta name=\"twitter:card\" content=\"summary_large_image\" \/>\n<meta name=\"twitter:label1\" content=\"Tempo estimado de leitura\" \/>\n\t<meta name=\"twitter:data1\" content=\"1 minuto\" \/>\n<script type=\"application\/ld+json\" class=\"yoast-schema-graph\">{\"@context\":\"https:\\\/\\\/schema.org\",\"@graph\":[{\"@type\":\"WebPage\",\"@id\":\"https:\\\/\\\/olivauto.pt\\\/pt-pt\\\/termos\\\/\",\"url\":\"https:\\\/\\\/olivauto.pt\\\/pt-pt\\\/termos\\\/\",\"name\":\"Termos - Olivauto\",\"isPartOf\":{\"@id\":\"https:\\\/\\\/olivauto.pt\\\/#website\"},\"datePublished\":\"2022-02-02T20:13:53+00:00\",\"dateModified\":\"2023-03-18T18:39:31+00:00\",\"breadcrumb\":{\"@id\":\"https:\\\/\\\/olivauto.pt\\\/pt-pt\\\/termos\\\/#breadcrumb\"},\"inLanguage\":\"pt-PT\",\"potentialAction\":[{\"@type\":\"ReadAction\",\"target\":[\"https:\\\/\\\/olivauto.pt\\\/pt-pt\\\/termos\\\/\"]}]},{\"@type\":\"BreadcrumbList\",\"@id\":\"https:\\\/\\\/olivauto.pt\\\/pt-pt\\\/termos\\\/#breadcrumb\",\"itemListElement\":[{\"@type\":\"ListItem\",\"position\":1,\"name\":\"Home\",\"item\":\"https:\\\/\\\/olivauto.pt\\\/inicio\\\/\"},{\"@type\":\"ListItem\",\"position\":2,\"name\":\"Termos\"}]},{\"@type\":\"WebSite\",\"@id\":\"https:\\\/\\\/olivauto.pt\\\/#website\",\"url\":\"https:\\\/\\\/olivauto.pt\\\/\",\"name\":\"Olivauto Rent a Car\",\"description\":\"Rent a Car in Lisbon\",\"publisher\":{\"@id\":\"https:\\\/\\\/olivauto.pt\\\/#organization\"},\"potentialAction\":[{\"@type\":\"SearchAction\",\"target\":{\"@type\":\"EntryPoint\",\"urlTemplate\":\"https:\\\/\\\/olivauto.pt\\\/?s={search_term_string}\"},\"query-input\":{\"@type\":\"PropertyValueSpecification\",\"valueRequired\":true,\"valueName\":\"search_term_string\"}}],\"inLanguage\":\"pt-PT\"},{\"@type\":\"Organization\",\"@id\":\"https:\\\/\\\/olivauto.pt\\\/#organization\",\"name\":\"Olivauto Rent a Car\",\"url\":\"https:\\\/\\\/olivauto.pt\\\/\",\"logo\":{\"@type\":\"ImageObject\",\"inLanguage\":\"pt-PT\",\"@id\":\"https:\\\/\\\/olivauto.pt\\\/#\\\/schema\\\/logo\\\/image\\\/\",\"url\":\"https:\\\/\\\/olivauto.pt\\\/wp-content\\\/uploads\\\/2018\\\/05\\\/logoolivautotransparente.png\",\"contentUrl\":\"https:\\\/\\\/olivauto.pt\\\/wp-content\\\/uploads\\\/2018\\\/05\\\/logoolivautotransparente.png\",\"width\":297,\"height\":73,\"caption\":\"Olivauto Rent a Car\"},\"image\":{\"@id\":\"https:\\\/\\\/olivauto.pt\\\/#\\\/schema\\\/logo\\\/image\\\/\"},\"sameAs\":[\"https:\\\/\\\/www.facebook.com\\\/olivauto.rent.a.car\\\/\"]}]}<\/script>\n<!-- \/ Yoast SEO plugin. -->","yoast_head_json":{"title":"Termos - Olivauto","robots":{"index":"index","follow":"follow","max-snippet":"max-snippet:-1","max-image-preview":"max-image-preview:large","max-video-preview":"max-video-preview:-1"},"canonical":"https:\/\/olivauto.pt\/pt-pt\/termos\/","og_locale":"pt_PT","og_type":"article","og_title":"Termos - Olivauto","og_description":"CONDI\u00c7\u00d5ES GERAIS DE ALUGUER DE VE\u00cdCULOS Aluguer m\u00ednimo -&nbsp;1 Dia (24 horas) Idade do Condutor -&nbsp;M\u00ednima de 21 anos. Carta de Condu\u00e7\u00e3o -&nbsp;V\u00e1lida em Portugal com m\u00ednimo de um ano de experi\u00eancia. Os pre\u00e7os incluem: Grupos Franquia Super C.D.W. Isent. Franquia PAI A 1.600,00\u20ac 8,00\u20ac\/Dia 3,00\u20ac\/Dia B 2.000,00\u20ac 9,00\u20ac\/Dia 3,00\u20ac\/Dia C 2.500,00\u20ac 10,00\u20ac\/Dia 3,00\u20ac\/Dia D [&hellip;]","og_url":"https:\/\/olivauto.pt\/pt-pt\/termos\/","og_site_name":"Olivauto","article_publisher":"https:\/\/www.facebook.com\/olivauto.rent.a.car\/","article_modified_time":"2023-03-18T18:39:31+00:00","twitter_card":"summary_large_image","twitter_misc":{"Tempo estimado de leitura":"1 minuto"},"schema":{"@context":"https:\/\/schema.org","@graph":[{"@type":"WebPage","@id":"https:\/\/olivauto.pt\/pt-pt\/termos\/","url":"https:\/\/olivauto.pt\/pt-pt\/termos\/","name":"Termos - Olivauto","isPartOf":{"@id":"https:\/\/olivauto.pt\/#website"},"datePublished":"2022-02-02T20:13:53+00:00","dateModified":"2023-03-18T18:39:31+00:00","breadcrumb":{"@id":"https:\/\/olivauto.pt\/pt-pt\/termos\/#breadcrumb"},"inLanguage":"pt-PT","potentialAction":[{"@type":"ReadAction","target":["https:\/\/olivauto.pt\/pt-pt\/termos\/"]}]},{"@type":"BreadcrumbList","@id":"https:\/\/olivauto.pt\/pt-pt\/termos\/#breadcrumb","itemListElement":[{"@type":"ListItem","position":1,"name":"Home","item":"https:\/\/olivauto.pt\/inicio\/"},{"@type":"ListItem","position":2,"name":"Termos"}]},{"@type":"WebSite","@id":"https:\/\/olivauto.pt\/#website","url":"https:\/\/olivauto.pt\/","name":"Olivauto Rent a Car","description":"Rent a Car in Lisbon","publisher":{"@id":"https:\/\/olivauto.pt\/#organization"},"potentialAction":[{"@type":"SearchAction","target":{"@type":"EntryPoint","urlTemplate":"https:\/\/olivauto.pt\/?s={search_term_string}"},"query-input":{"@type":"PropertyValueSpecification","valueRequired":true,"valueName":"search_term_string"}}],"inLanguage":"pt-PT"},{"@type":"Organization","@id":"https:\/\/olivauto.pt\/#organization","name":"Olivauto Rent a Car","url":"https:\/\/olivauto.pt\/","logo":{"@type":"ImageObject","inLanguage":"pt-PT","@id":"https:\/\/olivauto.pt\/#\/schema\/logo\/image\/","url":"https:\/\/olivauto.pt\/wp-content\/uploads\/2018\/05\/logoolivautotransparente.png","contentUrl":"https:\/\/olivauto.pt\/wp-content\/uploads\/2018\/05\/logoolivautotransparente.png","width":297,"height":73,"caption":"Olivauto Rent a Car"},"image":{"@id":"https:\/\/olivauto.pt\/#\/schema\/logo\/image\/"},"sameAs":["https:\/\/www.facebook.com\/olivauto.rent.a.car\/"]}]}},"uagb_featured_image_src":{"full":false,"thumbnail":false,"medium":false,"medium_large":false,"large":false,"1536x1536":false,"2048x2048":false},"uagb_author_info":{"display_name":"tecla","author_link":"https:\/\/olivauto.pt\/pt-pt\/author\/tecla\/"},"uagb_comment_info":0,"uagb_excerpt":"CONDI\u00c7\u00d5ES GERAIS DE ALUGUER DE VE\u00cdCULOS Aluguer m\u00ednimo -&nbsp;1 Dia (24 horas) Idade do Condutor -&nbsp;M\u00ednima de 21 anos. Carta de Condu\u00e7\u00e3o -&nbsp;V\u00e1lida em Portugal com m\u00ednimo de um ano de experi\u00eancia. Os pre\u00e7os incluem: Grupos Franquia Super C.D.W. Isent. Franquia PAI A 1.600,00\u20ac 8,00\u20ac\/Dia 3,00\u20ac\/Dia B 2.000,00\u20ac 9,00\u20ac\/Dia 3,00\u20ac\/Dia C 2.500,00\u20ac 10,00\u20ac\/Dia 3,00\u20ac\/Dia D&hellip;","_links":{"self":[{"href":"https:\/\/olivauto.pt\/pt-pt\/wp-json\/wp\/v2\/pages\/10567","targetHints":{"allow":["GET"]}}],"collection":[{"href":"https:\/\/olivauto.pt\/pt-pt\/wp-json\/wp\/v2\/pages"}],"about":[{"href":"https:\/\/olivauto.pt\/pt-pt\/wp-json\/wp\/v2\/types\/page"}],"author":[{"embeddable":true,"href":"https:\/\/olivauto.pt\/pt-pt\/wp-json\/wp\/v2\/users\/1"}],"replies":[{"embeddable":true,"href":"https:\/\/olivauto.pt\/pt-pt\/wp-json\/wp\/v2\/comments?post=10567"}],"version-history":[{"count":3,"href":"https:\/\/olivauto.pt\/pt-pt\/wp-json\/wp\/v2\/pages\/10567\/revisions"}],"predecessor-version":[{"id":29328,"href":"https:\/\/olivauto.pt\/pt-pt\/wp-json\/wp\/v2\/pages\/10567\/revisions\/29328"}],"wp:attachment":[{"href":"https:\/\/olivauto.pt\/pt-pt\/wp-json\/wp\/v2\/media?parent=10567"}],"curies":[{"name":"wp","href":"https:\/\/api.w.org\/{rel}","templated":true}]}}